{"id":156,"date":"2021-08-30T12:32:40","date_gmt":"2021-08-30T10:32:40","guid":{"rendered":"https:\/\/jolaholding.com\/?page_id=156"},"modified":"2021-08-30T12:32:44","modified_gmt":"2021-08-30T10:32:44","slug":"allasajanlataink","status":"publish","type":"page","link":"https:\/\/jolaholding.com\/hu\/allasajanlataink\/","title":{"rendered":"\u00c1ll\u00e1saj\u00e1nlataink"},"content":{"rendered":"<p>[et_pb_section fb_built=&#8221;1&#8243; next_background_color=&#8221;#ffffff&#8221; admin_label=&#8221;Hero&#8221; _builder_version=&#8221;3.26.6&#8243; use_background_color_gradient=&#8221;on&#8221; background_color_gradient_start=&#8221;#283d4b&#8221; background_color_gradient_end=&#8221;rgba(128,103,79,0.5)&#8221; background_color_gradient_direction=&#8221;70deg&#8221; background_color_gradient_overlays_image=&#8221;on&#8221; background_image=&#8221;https:\/\/jolaholding.com\/wp-content\/uploads\/jola-head-bg.jpg&#8221; custom_margin=&#8221;|||&#8221; custom_padding=&#8221;6vw|||&#8221; bottom_divider_style=&#8221;mountains2&#8243; bottom_divider_height=&#8221;20vw&#8221; bottom_divider_repeat=&#8221;0.5x&#8221; bottom_divider_flip=&#8221;horizontal|vertical&#8221; global_module=&#8221;162&#8243; saved_tabs=&#8221;all&#8221;][et_pb_row _builder_version=&#8221;3.26.6&#8243; background_image=&#8221;https:\/\/jolaholding.com\/wp-content\/uploads\/JH-water70.png&#8221; background_size=&#8221;contain&#8221; background_position=&#8221;top_right&#8221; background_blend=&#8221;soft-light&#8221; custom_margin=&#8221;|||&#8221; custom_padding=&#8221;27px|0px|0|0px|false|false&#8221;][et_pb_column type=&#8221;4_4&#8243; _builder_version=&#8221;3.25&#8243; custom_padding=&#8221;|||&#8221; custom_padding__hover=&#8221;|||&#8221;][et_pb_text _builder_version=&#8221;3.27.4&#8243; text_font=&#8221;||||||||&#8221; header_font=&#8221;Josefin Sans|700|||||||&#8221; header_font_size=&#8221;90px&#8221; header_letter_spacing=&#8221;4px&#8221; header_line_height=&#8221;1.4em&#8221; header_2_font=&#8221;Josefin Sans||||||||&#8221; header_2_text_color=&#8221;rgba(255,255,255,0.6)&#8221; header_2_font_size=&#8221;32px&#8221; header_2_line_height=&#8221;1.4em&#8221; background_layout=&#8221;dark&#8221; animation_style=&#8221;slide&#8221; animation_direction=&#8221;right&#8221; animation_intensity_slide=&#8221;4%&#8221; header_font_size_tablet=&#8221;50px&#8221; header_font_size_phone=&#8221;32px&#8221; header_font_size_last_edited=&#8221;on|desktop&#8221; header_2_font_size_tablet=&#8221;&#8221; header_2_font_size_phone=&#8221;24px&#8221; header_2_font_size_last_edited=&#8221;on|phone&#8221; header_text_shadow_style=&#8221;preset2&#8243;]<\/p>\n<h1>JOLA csoport<\/h1>\n<p>&nbsp;<\/p>\n<h2>Hotel &#8211; \u00c9tterem &#8211; Kereskedelem &#8211; \u00c9p\u00edt\u0151ipar<\/h2>\n<p>[\/et_pb_text][\/et_pb_column][\/et_pb_row][et_pb_row column_structure=&#8221;1_2,1_2&#8243; _builder_version=&#8221;3.26.6&#8243; custom_margin=&#8221;10px||||false|false&#8221; custom_padding=&#8221;0|0px|27px|0px|false|false&#8221; locked=&#8221;off&#8221;][et_pb_column type=&#8221;1_2&#8243; _builder_version=&#8221;3.25&#8243; custom_padding=&#8221;|||&#8221; custom_padding__hover=&#8221;|||&#8221;][\/et_pb_column][et_pb_column type=&#8221;1_2&#8243; _builder_version=&#8221;3.25&#8243; custom_padding=&#8221;|||&#8221; custom_padding__hover=&#8221;|||&#8221;][\/et_pb_column][\/et_pb_row][et_pb_row use_custom_gutter=&#8221;on&#8221; gutter_width=&#8221;1&#8243; disabled_on=&#8221;on|off|off&#8221; module_class=&#8221; et_pb_row_fullwidth&#8221; _builder_version=&#8221;3.25&#8243; width=&#8221;100%&#8221; width_tablet=&#8221;100%&#8221; width_phone=&#8221;&#8221; width_last_edited=&#8221;on|desktop&#8221; max_width=&#8221;100%&#8221; max_width_tablet=&#8221;100%&#8221; max_width_phone=&#8221;&#8221; max_width_last_edited=&#8221;on|desktop&#8221; make_fullwidth=&#8221;on&#8221; locked=&#8221;off&#8221;][et_pb_column type=&#8221;4_4&#8243; _builder_version=&#8221;3.25&#8243; custom_padding=&#8221;|||&#8221; custom_padding__hover=&#8221;|||&#8221;][et_pb_text _builder_version=&#8221;3.27.4&#8243; text_font=&#8221;Josefin Sans|700||on|||||&#8221; text_text_color=&#8221;rgba(255,255,255,0.2)&#8221; text_font_size=&#8221;12vw&#8221; text_line_height=&#8221;1em&#8221; quote_font=&#8221;||||||||&#8221; header_font=&#8221;||||||||&#8221; custom_margin=&#8221;||-0.4em|&#8221; custom_padding=&#8221;|||&#8221; filter_blur=&#8221;7px&#8221; animation_style=&#8221;slide&#8221; animation_direction=&#8221;right&#8221; animation_duration=&#8221;10000ms&#8221; animation_intensity_slide=&#8221;10%&#8221; animation_starting_opacity=&#8221;40%&#8221; animation_speed_curve=&#8221;linear&#8221; text_font_size_tablet=&#8221;124px&#8221; text_font_size_phone=&#8221;90px&#8221; text_font_size_last_edited=&#8221;off|desktop&#8221;]<\/p>\n<p>JOLA CSOPORT<\/p>\n<p>[\/et_pb_text][\/et_pb_column][\/et_pb_row][\/et_pb_section][et_pb_section fb_built=&#8221;1&#8243; _builder_version=&#8221;3.26.6&#8243;][et_pb_row admin_label=&#8221;Content Area&#8221; _builder_version=&#8221;3.25&#8243; locked=&#8221;off&#8221;][et_pb_column type=&#8221;4_4&#8243; _builder_version=&#8221;3.25&#8243; custom_padding=&#8221;|||&#8221; custom_padding__hover=&#8221;|||&#8221;][et_pb_text _builder_version=&#8221;3.27.4&#8243; text_font=&#8221;Open Sans||||||||&#8221; text_font_size=&#8221;18px&#8221; text_line_height=&#8221;1.8em&#8221; header_font=&#8221;||||||||&#8221; header_text_color=&#8221;rgba(0,0,0,0)&#8221; header_2_font=&#8221;Josefin Sans|700|||||||&#8221; header_2_font_size=&#8221;48px&#8221; header_2_line_height=&#8221;1.4em&#8221; header_3_font=&#8221;Josefin Sans|700||on|||||&#8221; header_3_text_color=&#8221;rgba(43,51,68,0.2)&#8221; text_orientation=&#8221;center&#8221; max_width=&#8221;700px&#8221; module_alignment=&#8221;center&#8221; custom_margin=&#8221;|||&#8221; custom_padding=&#8221;|||&#8221; header_2_font_size_tablet=&#8221;&#8221; header_2_font_size_phone=&#8221;24px&#8221; header_2_font_size_last_edited=&#8221;on|phone&#8221; header_2_line_height_tablet=&#8221;1.4em&#8221; header_2_line_height_last_edited=&#8221;off|desktop&#8221; locked=&#8221;off&#8221;]<\/p>\n<h3>C\u00c9GCSOPORTUNK<\/h3>\n<h2>\u00c1ll\u00e1saj\u00e1nlatai<\/h2>\n<p>V\u00e1lasszon kateg\u00f3ri\u00e1t:[\/et_pb_text][\/et_pb_column][\/et_pb_row][et_pb_row column_structure=&#8221;1_3,1_3,1_3&#8243; use_custom_gutter=&#8221;on&#8221; gutter_width=&#8221;2&#8243; make_equal=&#8221;on&#8221; _builder_version=&#8221;3.26.6&#8243; max_width=&#8221;1440px&#8221; use_custom_width=&#8221;on&#8221; custom_width_px=&#8221;1440px&#8221; locked=&#8221;off&#8221;][et_pb_column type=&#8221;1_3&#8243; _builder_version=&#8221;3.25&#8243; custom_padding=&#8221;|||&#8221; custom_padding__hover=&#8221;|||&#8221;][et_pb_blurb title=&#8221;Kereskedelem \/ \u00c9p\u00edt\u0151ipar&#8221; use_icon=&#8221;on&#8221; font_icon=&#8221;%%236%%&#8221; icon_color=&#8221;#ffffff&#8221; icon_placement=&#8221;left&#8221; _builder_version=&#8221;4.9.0&#8243; header_font=&#8221;Josefin Sans|700||on|||||&#8221; body_font=&#8221;Open Sans||||||||&#8221; body_font_size=&#8221;18px&#8221; body_line_height=&#8221;1.8em&#8221; background_color=&#8221;#546180&#8243; use_background_color_gradient=&#8221;on&#8221; background_color_gradient_start=&#8221;rgba(212,0,117,0.61)&#8221; background_color_gradient_end=&#8221;#d40075&#8243; background_color_gradient_end_position=&#8221;60%&#8221; background_color_gradient_overlays_image=&#8221;on&#8221; background_image=&#8221;https:\/\/jolaholding.com\/wp-content\/uploads\/epitoipar-jola.jpg&#8221; background_position=&#8221;top_center&#8221; background_layout=&#8221;dark&#8221; height=&#8221;100%&#8221; custom_margin=&#8221;|||&#8221; custom_margin_tablet=&#8221;|0px|30px|0px&#8221; custom_margin_phone=&#8221;&#8221; custom_margin_last_edited=&#8221;on|tablet&#8221; custom_padding=&#8221;40px|20px|40px|20px|true|true&#8221; animation_style=&#8221;fold&#8221; animation_direction=&#8221;right&#8221; animation_intensity_fold=&#8221;20%&#8221; animation=&#8221;off&#8221; link_option_url=&#8221;https:\/\/jola.hu\/allasajanlatok\/&#8221; hover_enabled=&#8221;0&#8243; box_shadow_style=&#8221;preset3&#8243; box_shadow_vertical=&#8221;40px&#8221; box_shadow_blur=&#8221;60px&#8221; box_shadow_spread=&#8221;-30px&#8221; box_shadow_color=&#8221;rgba(0,0,0,0.34)&#8221; locked=&#8221;off&#8221; sticky_enabled=&#8221;0&#8243;]<\/p>\n<p><b>TOV\u00c1BB &gt;&gt;<\/b><\/p>\n<p>[\/et_pb_blurb][\/et_pb_column][et_pb_column type=&#8221;1_3&#8243; _builder_version=&#8221;3.25&#8243; custom_padding=&#8221;|||&#8221; custom_padding__hover=&#8221;|||&#8221;][et_pb_blurb title=&#8221;Vend\u00e9gl\u00e1t\u00e1s \/ Sz\u00e1lloda&#8221; use_icon=&#8221;on&#8221; font_icon=&#8221;%%270%%&#8221; icon_color=&#8221;#ffffff&#8221; icon_placement=&#8221;left&#8221; use_icon_font_size=&#8221;on&#8221; _builder_version=&#8221;4.9.0&#8243; header_font=&#8221;Josefin Sans|700||on|||||&#8221; body_font=&#8221;Open Sans||||||||&#8221; body_font_size=&#8221;18px&#8221; body_line_height=&#8221;1.8em&#8221; background_color=&#8221;#bdad9b&#8221; use_background_color_gradient=&#8221;on&#8221; background_color_gradient_start=&#8221;rgba(189,173,155,0.6)&#8221; background_color_gradient_end=&#8221;#bdad9b&#8221; background_color_gradient_end_position=&#8221;60%&#8221; background_color_gradient_overlays_image=&#8221;on&#8221; background_image=&#8221;https:\/\/jolaholding.com\/wp-content\/uploads\/szallodaipar-jolaholding.jpg&#8221; background_position=&#8221;top_center&#8221; background_layout=&#8221;dark&#8221; height=&#8221;100%&#8221; custom_margin=&#8221;|||&#8221; custom_margin_tablet=&#8221;||30px|&#8221; custom_margin_phone=&#8221;&#8221; custom_margin_last_edited=&#8221;on|tablet&#8221; custom_padding=&#8221;40px|20px|40px|20px|true|true&#8221; animation_style=&#8221;fold&#8221; animation_direction=&#8221;left&#8221; animation_delay=&#8221;100ms&#8221; animation_intensity_fold=&#8221;20%&#8221; animation=&#8221;off&#8221; link_option_url=&#8221;@ET-DC@eyJkeW5hbWljIjp0cnVlLCJjb250ZW50IjoicG9zdF9saW5rX3VybF9wYWdlIiwic2V0dGluZ3MiOnsicG9zdF9pZCI6Ijc5MTUwIn19@&#8221; hover_enabled=&#8221;0&#8243; box_shadow_style=&#8221;preset3&#8243; box_shadow_vertical=&#8221;40px&#8221; box_shadow_blur=&#8221;60px&#8221; box_shadow_spread=&#8221;-30px&#8221; box_shadow_color=&#8221;rgba(0,0,0,0.34)&#8221; locked=&#8221;off&#8221; _dynamic_attributes=&#8221;link_option_url&#8221; sticky_enabled=&#8221;0&#8243;]<\/p>\n<p><a style=\"color: white;\"><strong>TOV\u00c1BB &gt;&gt;<\/strong><\/a><\/p>\n<p>[\/et_pb_blurb][\/et_pb_column][et_pb_column type=&#8221;1_3&#8243; _builder_version=&#8221;3.25&#8243; custom_padding=&#8221;|||&#8221; custom_padding__hover=&#8221;|||&#8221;][et_pb_blurb title=&#8221;Vend\u00e9gl\u00e1t\u00e1s \/ \u00c9tterem&#8221; use_icon=&#8221;on&#8221; font_icon=&#8221;%%279%%&#8221; icon_color=&#8221;#ffffff&#8221; icon_placement=&#8221;left&#8221; _builder_version=&#8221;4.9.0&#8243; header_font=&#8221;Josefin Sans|700||on|||||&#8221; body_font=&#8221;Open Sans||||||||&#8221; body_font_size=&#8221;18px&#8221; body_line_height=&#8221;1.8em&#8221; background_color=&#8221;#e02b20&#8243; use_background_color_gradient=&#8221;on&#8221; background_color_gradient_start=&#8221;rgba(224,43,32,0.61)&#8221; background_color_gradient_end=&#8221;#e02b20&#8243; background_color_gradient_end_position=&#8221;70%&#8221; background_color_gradient_overlays_image=&#8221;on&#8221; background_image=&#8221;https:\/\/jolaholding.com\/wp-content\/uploads\/vendeglatas-jolaholding.jpg&#8221; background_position=&#8221;top_center&#8221; background_layout=&#8221;dark&#8221; height=&#8221;100%&#8221; custom_margin=&#8221;|||&#8221; custom_margin_tablet=&#8221;||30px|&#8221; custom_margin_phone=&#8221;&#8221; custom_margin_last_edited=&#8221;on|tablet&#8221; custom_padding=&#8221;40px|20px|40px|20px|true|true&#8221; animation_style=&#8221;fold&#8221; animation_direction=&#8221;left&#8221; animation_delay=&#8221;300ms&#8221; animation_intensity_fold=&#8221;20%&#8221; animation=&#8221;off&#8221; link_option_url=&#8221;@ET-DC@eyJkeW5hbWljIjp0cnVlLCJjb250ZW50IjoicG9zdF9saW5rX3VybF9wYWdlIiwic2V0dGluZ3MiOnsicG9zdF9pZCI6Ijc5MTUwIn19@&#8221; hover_enabled=&#8221;0&#8243; box_shadow_style=&#8221;preset3&#8243; box_shadow_vertical=&#8221;40px&#8221; box_shadow_blur=&#8221;60px&#8221; box_shadow_spread=&#8221;-30px&#8221; box_shadow_color=&#8221;rgba(0,0,0,0.34)&#8221; locked=&#8221;off&#8221; _dynamic_attributes=&#8221;link_option_url&#8221; sticky_enabled=&#8221;0&#8243;]<\/p>\n<p><a style=\"color: white;\"><strong>TOV\u00c1BB &gt;&gt;<\/strong><\/a><\/p>\n<p>[\/et_pb_blurb][\/et_pb_column][\/et_pb_row][\/et_pb_section][et_pb_section fb_built=&#8221;1&#8243; module_id=&#8221;kereskedelem&#8221; _builder_version=&#8221;3.26.6&#8243; use_background_color_gradient=&#8221;on&#8221; background_color_gradient_start=&#8221;#ffffff&#8221; background_color_gradient_end=&#8221;rgba(255,255,255,0.8)&#8221; background_color_gradient_overlays_image=&#8221;on&#8221; background_image=&#8221;https:\/\/jolaholding.com\/wp-content\/uploads\/beepitok.jpg&#8221;][\/et_pb_section]<\/p>\n","protected":false},"excerpt":{"rendered":"<p>JOLA csoport &nbsp; Hotel &#8211; \u00c9tterem &#8211; Kereskedelem &#8211; \u00c9p\u00edt\u0151iparJOLA CSOPORTC\u00c9GCSOPORTUNK \u00c1ll\u00e1saj\u00e1nlatai V\u00e1lasszon kateg\u00f3ri\u00e1t:TOV\u00c1BB &gt;&gt;TOV\u00c1BB &gt;&gt;TOV\u00c1BB &gt;&gt;<\/p>\n","protected":false},"author":3,"featured_media":0,"parent":0,"menu_order":0,"comment_status":"closed","ping_status":"closed","template":"","meta":{"_et_pb_use_builder":"on","_et_pb_old_content":"","_et_gb_content_width":"","footnotes":""},"class_list":["post-156","page","type-page","status-publish","hentry"],"yoast_head":"<!-- This site is optimized with the Yoast SEO plugin v27.2 - https:\/\/yoast.com\/product\/yoast-seo-wordpress\/ -->\n<title>\u00c1ll\u00e1saj\u00e1nlataink - JOLA Holding<\/title>\n<meta name=\"robots\" content=\"index, follow, max-snippet:-1, max-image-preview:large, max-video-preview:-1\" \/>\n<link rel=\"canonical\" href=\"https:\/\/jolaholding.com\/hu\/allasajanlataink\/\" \/>\n<meta property=\"og:locale\" content=\"hu_HU\" \/>\n<meta property=\"og:type\" content=\"article\" \/>\n<meta property=\"og:title\" content=\"\u00c1ll\u00e1saj\u00e1nlataink - JOLA Holding\" \/>\n<meta property=\"og:description\" content=\"JOLA csoport &nbsp; Hotel - \u00c9tterem - Kereskedelem - \u00c9p\u00edt\u0151iparJOLA CSOPORTC\u00c9GCSOPORTUNK \u00c1ll\u00e1saj\u00e1nlatai V\u00e1lasszon kateg\u00f3ri\u00e1t:TOV\u00c1BB &gt;&gt;TOV\u00c1BB &gt;&gt;TOV\u00c1BB &gt;&gt;\" \/>\n<meta property=\"og:url\" content=\"https:\/\/jolaholding.com\/hu\/allasajanlataink\/\" \/>\n<meta property=\"og:site_name\" content=\"JOLA Holding\" \/>\n<meta property=\"article:modified_time\" content=\"2021-08-30T10:32:44+00:00\" \/>\n<meta property=\"og:image\" content=\"https:\/\/jolaholding.com\/wp-content\/uploads\/holding-share.jpg\" \/>\n\t<meta property=\"og:image:width\" content=\"1200\" \/>\n\t<meta property=\"og:image:height\" content=\"628\" \/>\n\t<meta property=\"og:image:type\" content=\"image\/jpeg\" \/>\n<meta name=\"twitter:card\" content=\"summary_large_image\" \/>\n<meta name=\"twitter:label1\" content=\"Becs\u00fclt olvas\u00e1si id\u0151\" \/>\n\t<meta name=\"twitter:data1\" content=\"6 perc\" \/>\n<script type=\"application\/ld+json\" class=\"yoast-schema-graph\">{\"@context\":\"https:\/\/schema.org\",\"@graph\":[{\"@type\":\"WebPage\",\"@id\":\"https:\/\/jolaholding.com\/hu\/allasajanlataink\/\",\"url\":\"https:\/\/jolaholding.com\/hu\/allasajanlataink\/\",\"name\":\"\u00c1ll\u00e1saj\u00e1nlataink - JOLA Holding\",\"isPartOf\":{\"@id\":\"https:\/\/jolaholding.com\/hu\/#website\"},\"datePublished\":\"2021-08-30T10:32:40+00:00\",\"dateModified\":\"2021-08-30T10:32:44+00:00\",\"breadcrumb\":{\"@id\":\"https:\/\/jolaholding.com\/hu\/allasajanlataink\/#breadcrumb\"},\"inLanguage\":\"hu\",\"potentialAction\":[{\"@type\":\"ReadAction\",\"target\":[\"https:\/\/jolaholding.com\/hu\/allasajanlataink\/\"]}]},{\"@type\":\"BreadcrumbList\",\"@id\":\"https:\/\/jolaholding.com\/hu\/allasajanlataink\/#breadcrumb\",\"itemListElement\":[{\"@type\":\"ListItem\",\"position\":1,\"name\":\"Kezd\u0151lap\",\"item\":\"https:\/\/jolaholding.com\/hu\/\"},{\"@type\":\"ListItem\",\"position\":2,\"name\":\"\u00c1ll\u00e1saj\u00e1nlataink\"}]},{\"@type\":\"WebSite\",\"@id\":\"https:\/\/jolaholding.com\/hu\/#website\",\"url\":\"https:\/\/jolaholding.com\/hu\/\",\"name\":\"JOLA Holding\",\"description\":\"\",\"publisher\":{\"@id\":\"https:\/\/jolaholding.com\/hu\/#organization\"},\"potentialAction\":[{\"@type\":\"SearchAction\",\"target\":{\"@type\":\"EntryPoint\",\"urlTemplate\":\"https:\/\/jolaholding.com\/hu\/?s={search_term_string}\"},\"query-input\":{\"@type\":\"PropertyValueSpecification\",\"valueRequired\":true,\"valueName\":\"search_term_string\"}}],\"inLanguage\":\"hu\"},{\"@type\":\"Organization\",\"@id\":\"https:\/\/jolaholding.com\/hu\/#organization\",\"name\":\"Jola Holding\",\"url\":\"https:\/\/jolaholding.com\/hu\/\",\"logo\":{\"@type\":\"ImageObject\",\"inLanguage\":\"hu\",\"@id\":\"https:\/\/jolaholding.com\/hu\/#\/schema\/logo\/image\/\",\"url\":\"https:\/\/jolaholding.com\/wp-content\/uploads\/jolaholding-logo.png\",\"contentUrl\":\"https:\/\/jolaholding.com\/wp-content\/uploads\/jolaholding-logo.png\",\"width\":599,\"height\":223,\"caption\":\"Jola Holding\"},\"image\":{\"@id\":\"https:\/\/jolaholding.com\/hu\/#\/schema\/logo\/image\/\"}}]}<\/script>\n<!-- \/ Yoast SEO plugin. -->","yoast_head_json":{"title":"\u00c1ll\u00e1saj\u00e1nlataink - JOLA Holding","robots":{"index":"index","follow":"follow","max-snippet":"max-snippet:-1","max-image-preview":"max-image-preview:large","max-video-preview":"max-video-preview:-1"},"canonical":"https:\/\/jolaholding.com\/hu\/allasajanlataink\/","og_locale":"hu_HU","og_type":"article","og_title":"\u00c1ll\u00e1saj\u00e1nlataink - JOLA Holding","og_description":"JOLA csoport &nbsp; Hotel - \u00c9tterem - Kereskedelem - \u00c9p\u00edt\u0151iparJOLA CSOPORTC\u00c9GCSOPORTUNK \u00c1ll\u00e1saj\u00e1nlatai V\u00e1lasszon kateg\u00f3ri\u00e1t:TOV\u00c1BB &gt;&gt;TOV\u00c1BB &gt;&gt;TOV\u00c1BB &gt;&gt;","og_url":"https:\/\/jolaholding.com\/hu\/allasajanlataink\/","og_site_name":"JOLA Holding","article_modified_time":"2021-08-30T10:32:44+00:00","og_image":[{"width":1200,"height":628,"url":"https:\/\/jolaholding.com\/wp-content\/uploads\/holding-share.jpg","type":"image\/jpeg"}],"twitter_card":"summary_large_image","twitter_misc":{"Becs\u00fclt olvas\u00e1si id\u0151":"6 perc"},"schema":{"@context":"https:\/\/schema.org","@graph":[{"@type":"WebPage","@id":"https:\/\/jolaholding.com\/hu\/allasajanlataink\/","url":"https:\/\/jolaholding.com\/hu\/allasajanlataink\/","name":"\u00c1ll\u00e1saj\u00e1nlataink - JOLA Holding","isPartOf":{"@id":"https:\/\/jolaholding.com\/hu\/#website"},"datePublished":"2021-08-30T10:32:40+00:00","dateModified":"2021-08-30T10:32:44+00:00","breadcrumb":{"@id":"https:\/\/jolaholding.com\/hu\/allasajanlataink\/#breadcrumb"},"inLanguage":"hu","potentialAction":[{"@type":"ReadAction","target":["https:\/\/jolaholding.com\/hu\/allasajanlataink\/"]}]},{"@type":"BreadcrumbList","@id":"https:\/\/jolaholding.com\/hu\/allasajanlataink\/#breadcrumb","itemListElement":[{"@type":"ListItem","position":1,"name":"Kezd\u0151lap","item":"https:\/\/jolaholding.com\/hu\/"},{"@type":"ListItem","position":2,"name":"\u00c1ll\u00e1saj\u00e1nlataink"}]},{"@type":"WebSite","@id":"https:\/\/jolaholding.com\/hu\/#website","url":"https:\/\/jolaholding.com\/hu\/","name":"JOLA Holding","description":"","publisher":{"@id":"https:\/\/jolaholding.com\/hu\/#organization"},"potentialAction":[{"@type":"SearchAction","target":{"@type":"EntryPoint","urlTemplate":"https:\/\/jolaholding.com\/hu\/?s={search_term_string}"},"query-input":{"@type":"PropertyValueSpecification","valueRequired":true,"valueName":"search_term_string"}}],"inLanguage":"hu"},{"@type":"Organization","@id":"https:\/\/jolaholding.com\/hu\/#organization","name":"Jola Holding","url":"https:\/\/jolaholding.com\/hu\/","logo":{"@type":"ImageObject","inLanguage":"hu","@id":"https:\/\/jolaholding.com\/hu\/#\/schema\/logo\/image\/","url":"https:\/\/jolaholding.com\/wp-content\/uploads\/jolaholding-logo.png","contentUrl":"https:\/\/jolaholding.com\/wp-content\/uploads\/jolaholding-logo.png","width":599,"height":223,"caption":"Jola Holding"},"image":{"@id":"https:\/\/jolaholding.com\/hu\/#\/schema\/logo\/image\/"}}]}},"_links":{"self":[{"href":"https:\/\/jolaholding.com\/hu\/wp-json\/wp\/v2\/pages\/156","targetHints":{"allow":["GET"]}}],"collection":[{"href":"https:\/\/jolaholding.com\/hu\/wp-json\/wp\/v2\/pages"}],"about":[{"href":"https:\/\/jolaholding.com\/hu\/wp-json\/wp\/v2\/types\/page"}],"author":[{"embeddable":true,"href":"https:\/\/jolaholding.com\/hu\/wp-json\/wp\/v2\/users\/3"}],"replies":[{"embeddable":true,"href":"https:\/\/jolaholding.com\/hu\/wp-json\/wp\/v2\/comments?post=156"}],"version-history":[{"count":21,"href":"https:\/\/jolaholding.com\/hu\/wp-json\/wp\/v2\/pages\/156\/revisions"}],"predecessor-version":[{"id":79244,"href":"https:\/\/jolaholding.com\/hu\/wp-json\/wp\/v2\/pages\/156\/revisions\/79244"}],"wp:attachment":[{"href":"https:\/\/jolaholding.com\/hu\/wp-json\/wp\/v2\/media?parent=156"}],"curies":[{"name":"wp","href":"https:\/\/api.w.org\/{rel}","templated":true}]}}