{"id":79150,"date":"2021-08-30T11:01:16","date_gmt":"2021-08-30T09:01:16","guid":{"rendered":"https:\/\/jolaholding.com\/?page_id=79150"},"modified":"2024-02-20T09:18:44","modified_gmt":"2024-02-20T08:18:44","slug":"allashirdetesek-vendeglatas","status":"publish","type":"page","link":"https:\/\/jolaholding.com\/hu\/allashirdetesek-vendeglatas\/","title":{"rendered":"\u00c1ll\u00e1shirdet\u00e9sek &#8211; Vend\u00e9gl\u00e1t\u00e1s, idegenforgalom"},"content":{"rendered":"<p>[et_pb_section fb_built=&#8221;1&#8243; next_background_color=&#8221;#ffffff&#8221; admin_label=&#8221;Hero&#8221; _builder_version=&#8221;4.16&#8243; use_background_color_gradient=&#8221;on&#8221; background_color_gradient_direction=&#8221;70deg&#8221; background_color_gradient_stops=&#8221;#283d4b 0%|rgba(128,103,79,0.5) 100%&#8221; background_color_gradient_overlays_image=&#8221;on&#8221; background_color_gradient_start=&#8221;#283d4b&#8221; background_color_gradient_end=&#8221;rgba(128,103,79,0.5)&#8221; background_image=&#8221;https:\/\/jolaholding.com\/wp-content\/uploads\/jola-head-bg.jpg&#8221; custom_margin=&#8221;|||&#8221; custom_padding=&#8221;6vw|||&#8221; bottom_divider_style=&#8221;mountains2&#8243; bottom_divider_height=&#8221;20vw&#8221; bottom_divider_repeat=&#8221;0.5x&#8221; bottom_divider_flip=&#8221;horizontal|vertical&#8221; saved_tabs=&#8221;all&#8221; global_colors_info=&#8221;{}&#8221;][et_pb_row _builder_version=&#8221;4.16&#8243; background_image=&#8221;https:\/\/jolaholding.com\/wp-content\/uploads\/JH-water70.png&#8221; background_size=&#8221;contain&#8221; background_position=&#8221;top_right&#8221; background_blend=&#8221;soft-light&#8221; width=&#8221;72.3%&#8221; custom_margin=&#8221;|||&#8221; custom_padding=&#8221;27px|0px|0|0px|false|false&#8221; global_colors_info=&#8221;{}&#8221;][et_pb_column type=&#8221;4_4&#8243; _builder_version=&#8221;4.16&#8243; custom_padding=&#8221;|||&#8221; global_colors_info=&#8221;{}&#8221; custom_padding__hover=&#8221;|||&#8221;][et_pb_text _builder_version=&#8221;4.16&#8243; text_font=&#8221;||||||||&#8221; header_font=&#8221;Roboto Slab|700|||||||&#8221; header_font_size=&#8221;90px&#8221; header_letter_spacing=&#8221;4px&#8221; header_line_height=&#8221;1.4em&#8221; header_2_font=&#8221;Josefin Sans||||||||&#8221; header_2_text_color=&#8221;rgba(255,255,255,0.6)&#8221; header_2_font_size=&#8221;32px&#8221; header_2_line_height=&#8221;1.4em&#8221; background_layout=&#8221;dark&#8221; animation_style=&#8221;slide&#8221; animation_direction=&#8221;right&#8221; animation_intensity_slide=&#8221;4%&#8221; header_font_size_tablet=&#8221;50px&#8221; header_font_size_phone=&#8221;32px&#8221; header_font_size_last_edited=&#8221;on|desktop&#8221; header_2_font_size_tablet=&#8221;&#8221; header_2_font_size_phone=&#8221;24px&#8221; header_2_font_size_last_edited=&#8221;on|phone&#8221; header_text_shadow_style=&#8221;preset2&#8243; locked=&#8221;off&#8221; global_colors_info=&#8221;{}&#8221;]<\/p>\n<h1>JOLA csoport<\/h1>\n<p>&nbsp;<\/p>\n<h2>Hotel &#8211; \u00c9tterem &#8211; Kereskedelem &#8211; \u00c9p\u00edt\u0151ipar<\/h2>\n<p>[\/et_pb_text][\/et_pb_column][\/et_pb_row][et_pb_row column_structure=&#8221;1_2,1_2&#8243; _builder_version=&#8221;4.16&#8243; custom_margin=&#8221;10px||||false|false&#8221; custom_padding=&#8221;0|0px|27px|0px|false|false&#8221; locked=&#8221;off&#8221; global_colors_info=&#8221;{}&#8221;][et_pb_column type=&#8221;1_2&#8243; _builder_version=&#8221;4.16&#8243; custom_padding=&#8221;|||&#8221; global_colors_info=&#8221;{}&#8221; custom_padding__hover=&#8221;|||&#8221;][\/et_pb_column][et_pb_column type=&#8221;1_2&#8243; _builder_version=&#8221;4.16&#8243; custom_padding=&#8221;|||&#8221; global_colors_info=&#8221;{}&#8221; custom_padding__hover=&#8221;|||&#8221;][\/et_pb_column][\/et_pb_row][et_pb_row use_custom_gutter=&#8221;on&#8221; gutter_width=&#8221;1&#8243; disabled_on=&#8221;on|off|off&#8221; module_class=&#8221; et_pb_row_fullwidth&#8221; _builder_version=&#8221;4.16&#8243; width=&#8221;100%&#8221; width_tablet=&#8221;100%&#8221; width_phone=&#8221;&#8221; width_last_edited=&#8221;on|desktop&#8221; max_width=&#8221;100%&#8221; max_width_tablet=&#8221;100%&#8221; max_width_phone=&#8221;&#8221; max_width_last_edited=&#8221;on|desktop&#8221; make_fullwidth=&#8221;on&#8221; locked=&#8221;off&#8221; global_colors_info=&#8221;{}&#8221;][et_pb_column type=&#8221;4_4&#8243; _builder_version=&#8221;4.16&#8243; custom_padding=&#8221;|||&#8221; global_colors_info=&#8221;{}&#8221; custom_padding__hover=&#8221;|||&#8221;][et_pb_text _builder_version=&#8221;4.16&#8243; text_font=&#8221;Roboto Slab|700||on|||||&#8221; text_text_color=&#8221;rgba(255,255,255,0.2)&#8221; text_font_size=&#8221;12vw&#8221; text_line_height=&#8221;1em&#8221; quote_font=&#8221;||||||||&#8221; header_font=&#8221;||||||||&#8221; custom_margin=&#8221;||-0.4em|&#8221; custom_padding=&#8221;|||&#8221; filter_blur=&#8221;7px&#8221; animation_style=&#8221;slide&#8221; animation_direction=&#8221;right&#8221; animation_duration=&#8221;10000ms&#8221; animation_intensity_slide=&#8221;10%&#8221; animation_starting_opacity=&#8221;40%&#8221; animation_speed_curve=&#8221;linear&#8221; text_font_size_tablet=&#8221;124px&#8221; text_font_size_phone=&#8221;90px&#8221; text_font_size_last_edited=&#8221;off|desktop&#8221; global_colors_info=&#8221;{}&#8221;]<\/p>\n<p>JOLA CSOPORT<\/p>\n<p>[\/et_pb_text][\/et_pb_column][\/et_pb_row][\/et_pb_section][et_pb_section fb_built=&#8221;1&#8243; module_id=&#8221;etterem&#8221; _builder_version=&#8221;4.16&#8243; use_background_color_gradient=&#8221;on&#8221; background_color_gradient_stops=&#8221;#ffffff 0%|rgba(255,255,255,0.8) 100%&#8221; background_color_gradient_overlays_image=&#8221;on&#8221; background_color_gradient_start=&#8221;#ffffff&#8221; background_color_gradient_end=&#8221;rgba(255,255,255,0.8)&#8221; background_image=&#8221;https:\/\/jolaholding.com\/wp-content\/uploads\/vendeglatas.jpg&#8221; locked=&#8221;off&#8221; global_colors_info=&#8221;{}&#8221;][et_pb_row column_structure=&#8221;1_2,1_2&#8243; _builder_version=&#8221;4.16&#8243; _module_preset=&#8221;default&#8221; global_colors_info=&#8221;{}&#8221;][et_pb_column type=&#8221;1_2&#8243; _builder_version=&#8221;4.16&#8243; _module_preset=&#8221;default&#8221; global_colors_info=&#8221;{}&#8221;][et_pb_button button_url=&#8221;#vas&#8221; button_text=&#8221;Vas megyei \u00e1ll\u00e1sok&#8221; button_alignment=&#8221;center&#8221; _builder_version=&#8221;4.24.0&#8243; _module_preset=&#8221;default&#8221; custom_button=&#8221;on&#8221; button_text_color=&#8221;#FFFFFF&#8221; hover_enabled=&#8221;0&#8243; global_colors_info=&#8221;{}&#8221; button_bg_color=&#8221;#D40075&#8243; button_bg_enable_color=&#8221;on&#8221; button_border_radius=&#8221;9px&#8221; sticky_enabled=&#8221;0&#8243;][\/et_pb_button][\/et_pb_column][et_pb_column type=&#8221;1_2&#8243; _builder_version=&#8221;4.16&#8243; _module_preset=&#8221;default&#8221; global_colors_info=&#8221;{}&#8221;][et_pb_button button_url=&#8221;#pest&#8221; button_text=&#8221;Pest megyei \u00e1ll\u00e1sok&#8221; button_alignment=&#8221;center&#8221; _builder_version=&#8221;4.24.0&#8243; _module_preset=&#8221;default&#8221; custom_button=&#8221;on&#8221; button_text_color=&#8221;#FFFFFF&#8221; hover_enabled=&#8221;0&#8243; global_colors_info=&#8221;{}&#8221; button_bg_color=&#8221;#D40075&#8243; button_bg_enable_color=&#8221;on&#8221; button_border_radius=&#8221;9px&#8221; sticky_enabled=&#8221;0&#8243;][\/et_pb_button][\/et_pb_column][\/et_pb_row][et_pb_row admin_label=&#8221;Content Area&#8221; _builder_version=&#8221;4.16&#8243; border_radii=&#8221;on|50px|50px|50px|50px&#8221; border_width_top=&#8221;4px&#8221; border_color_top=&#8221;#B3B3B3&#8243; border_color_bottom=&#8221;#6B6B6B&#8221; global_colors_info=&#8221;{}&#8221;][et_pb_column type=&#8221;4_4&#8243; _builder_version=&#8221;4.16&#8243; custom_padding=&#8221;|||&#8221; global_colors_info=&#8221;{}&#8221; custom_padding__hover=&#8221;|||&#8221;][et_pb_text module_id=&#8221;vas&#8221; _builder_version=&#8221;4.16&#8243; text_font=&#8221;Open Sans||||||||&#8221; text_font_size=&#8221;18px&#8221; text_line_height=&#8221;1.8em&#8221; header_font=&#8221;||||||||&#8221; header_text_color=&#8221;rgba(0,0,0,0)&#8221; header_2_font=&#8221;Josefin Sans|700|||||||&#8221; header_2_font_size=&#8221;48px&#8221; header_2_line_height=&#8221;1.4em&#8221; header_3_font=&#8221;Josefin Sans|700||on|||||&#8221; header_3_text_color=&#8221;rgba(43,51,68,0.2)&#8221; text_orientation=&#8221;center&#8221; max_width=&#8221;700px&#8221; module_alignment=&#8221;center&#8221; custom_margin=&#8221;|||&#8221; custom_padding=&#8221;|||&#8221; header_2_font_size_tablet=&#8221;&#8221; header_2_font_size_phone=&#8221;24px&#8221; header_2_font_size_last_edited=&#8221;on|phone&#8221; header_2_line_height_tablet=&#8221;1.4em&#8221; header_2_line_height_last_edited=&#8221;off|desktop&#8221; locked=&#8221;off&#8221; global_colors_info=&#8221;{}&#8221;]<\/p>\n<h2>Vas megyei \u00e1ll\u00e1sok<\/h2>\n<p>[\/et_pb_text][\/et_pb_column][\/et_pb_row][et_pb_row admin_label=&#8221;Content Area&#8221; _builder_version=&#8221;4.16&#8243; global_colors_info=&#8221;{}&#8221;][et_pb_column type=&#8221;4_4&#8243; _builder_version=&#8221;4.16&#8243; custom_padding=&#8221;|||&#8221; global_colors_info=&#8221;{}&#8221; custom_padding__hover=&#8221;|||&#8221;][et_pb_blog fullwidth=&#8221;off&#8221; posts_number=&#8221;24&#8243; include_categories=&#8221;16&#8243; show_more=&#8221;on&#8221; show_author=&#8221;off&#8221; show_date=&#8221;off&#8221; show_categories=&#8221;off&#8221; _builder_version=&#8221;4.16&#8243; _module_preset=&#8221;default&#8221; header_font=&#8221;Roboto Slab||||||||&#8221; header_text_color=&#8221;#E02B20&#8243; read_more_font=&#8221;||on||||||&#8221; border_width_all=&#8221;3px&#8221; box_shadow_style_image=&#8221;preset6&#8243; global_colors_info=&#8221;{}&#8221; child_filter_hue_rotate__hover_enabled=&#8221;off|hover&#8221; child_filter_saturate__hover_enabled=&#8221;on|hover&#8221; child_filter_saturate__hover=&#8221;22%&#8221;][\/et_pb_blog][\/et_pb_column][\/et_pb_row][et_pb_row admin_label=&#8221;Content Area&#8221; module_id=&#8221;pest&#8221; _builder_version=&#8221;4.16&#8243; border_radii=&#8221;on|50px|50px|50px|50px&#8221; border_width_top=&#8221;4px&#8221; border_color_top=&#8221;#B3B3B3&#8243; border_color_bottom=&#8221;#6B6B6B&#8221; global_colors_info=&#8221;{}&#8221;][et_pb_column type=&#8221;4_4&#8243; _builder_version=&#8221;4.16&#8243; custom_padding=&#8221;|||&#8221; global_colors_info=&#8221;{}&#8221; custom_padding__hover=&#8221;|||&#8221;][et_pb_text _builder_version=&#8221;4.16&#8243; text_font=&#8221;Open Sans||||||||&#8221; text_font_size=&#8221;18px&#8221; text_line_height=&#8221;1.8em&#8221; header_font=&#8221;||||||||&#8221; header_text_color=&#8221;rgba(0,0,0,0)&#8221; header_2_font=&#8221;Josefin Sans|700|||||||&#8221; header_2_font_size=&#8221;48px&#8221; header_2_line_height=&#8221;1.4em&#8221; header_3_font=&#8221;Josefin Sans|700||on|||||&#8221; header_3_text_color=&#8221;rgba(43,51,68,0.2)&#8221; text_orientation=&#8221;center&#8221; max_width=&#8221;700px&#8221; module_alignment=&#8221;center&#8221; custom_margin=&#8221;|||&#8221; custom_padding=&#8221;|||&#8221; header_2_font_size_tablet=&#8221;&#8221; header_2_font_size_phone=&#8221;24px&#8221; header_2_font_size_last_edited=&#8221;on|phone&#8221; header_2_line_height_tablet=&#8221;1.4em&#8221; header_2_line_height_last_edited=&#8221;off|desktop&#8221; locked=&#8221;off&#8221; global_colors_info=&#8221;{}&#8221;]<\/p>\n<h2>Pest megyei \u00e1ll\u00e1sok<\/h2>\n<p>[\/et_pb_text][\/et_pb_column][\/et_pb_row][et_pb_row admin_label=&#8221;Content Area&#8221; _builder_version=&#8221;4.16&#8243; global_colors_info=&#8221;{}&#8221;][et_pb_column type=&#8221;4_4&#8243; _builder_version=&#8221;4.16&#8243; custom_padding=&#8221;|||&#8221; global_colors_info=&#8221;{}&#8221; custom_padding__hover=&#8221;|||&#8221;][et_pb_blog fullwidth=&#8221;off&#8221; posts_number=&#8221;24&#8243; include_categories=&#8221;17&#8243; show_more=&#8221;on&#8221; show_author=&#8221;off&#8221; show_date=&#8221;off&#8221; show_categories=&#8221;off&#8221; _builder_version=&#8221;4.16&#8243; _module_preset=&#8221;default&#8221; header_font=&#8221;Roboto Slab||||||||&#8221; header_text_color=&#8221;#E02B20&#8243; read_more_font=&#8221;||on||||||&#8221; border_width_all=&#8221;3px&#8221; box_shadow_style_image=&#8221;preset6&#8243; global_colors_info=&#8221;{}&#8221; child_filter_hue_rotate__hover_enabled=&#8221;off|hover&#8221; child_filter_saturate__hover_enabled=&#8221;on|hover&#8221; child_filter_saturate__hover=&#8221;22%&#8221;][\/et_pb_blog][\/et_pb_column][\/et_pb_row][et_pb_row column_structure=&#8221;1_2,1_2&#8243; _builder_version=&#8221;4.16&#8243; _module_preset=&#8221;default&#8221; locked=&#8221;off&#8221; global_colors_info=&#8221;{}&#8221;][et_pb_column type=&#8221;1_2&#8243; _builder_version=&#8221;4.16&#8243; _module_preset=&#8221;default&#8221; global_colors_info=&#8221;{}&#8221;][et_pb_button button_url=&#8221;#vas&#8221; button_text=&#8221;Vas megyei \u00e1ll\u00e1sok&#8221; button_alignment=&#8221;center&#8221; _builder_version=&#8221;4.16&#8243; _module_preset=&#8221;default&#8221; custom_button=&#8221;on&#8221; button_text_color=&#8221;#B3B3B3&#8243; global_colors_info=&#8221;{}&#8221;][\/et_pb_button][\/et_pb_column][et_pb_column type=&#8221;1_2&#8243; _builder_version=&#8221;4.16&#8243; _module_preset=&#8221;default&#8221; global_colors_info=&#8221;{}&#8221;][et_pb_button button_url=&#8221;#pest&#8221; button_text=&#8221;Pest megyei \u00e1ll\u00e1sok&#8221; button_alignment=&#8221;center&#8221; _builder_version=&#8221;4.16&#8243; _module_preset=&#8221;default&#8221; custom_button=&#8221;on&#8221; button_text_color=&#8221;#B3B3B3&#8243; global_colors_info=&#8221;{}&#8221;][\/et_pb_button][\/et_pb_column][\/et_pb_row][\/et_pb_section]<\/p>\n","protected":false},"excerpt":{"rendered":"<p>JOLA csoport &nbsp; Hotel &#8211; \u00c9tterem &#8211; Kereskedelem &#8211; \u00c9p\u00edt\u0151iparJOLA CSOPORTVas megyei \u00e1ll\u00e1sokPest megyei \u00e1ll\u00e1sok<\/p>\n","protected":false},"author":3,"featured_media":0,"parent":0,"menu_order":0,"comment_status":"closed","ping_status":"closed","template":"","meta":{"_et_pb_use_builder":"on","_et_pb_old_content":"","_et_gb_content_width":"","footnotes":""},"class_list":["post-79150","page","type-page","status-publish","hentry"],"yoast_head":"<!-- This site is optimized with the Yoast SEO plugin v27.5 - https:\/\/yoast.com\/product\/yoast-seo-wordpress\/ -->\n<title>\u00c1ll\u00e1shirdet\u00e9sek - Vend\u00e9gl\u00e1t\u00e1s, idegenforgalom - JOLA Holding<\/title>\n<meta name=\"description\" content=\"S\u00e9f, szak\u00e1cs, felszolg\u00e1l\u00f3, pinc\u00e9r, konyhai kiseg\u00edt\u0151... \u00c1ll\u00e1saj\u00e1nlatok a JOLA Holding oldal\u00e1n | Vend\u00e9gl\u00e1t\u00f3s \u00e1ll\u00e1sok\" \/>\n<meta name=\"robots\" content=\"index, follow, max-snippet:-1, max-image-preview:large, max-video-preview:-1\" \/>\n<link rel=\"canonical\" href=\"https:\/\/jolaholding.com\/hu\/allashirdetesek-vendeglatas\/\" \/>\n<meta property=\"og:locale\" content=\"hu_HU\" \/>\n<meta property=\"og:type\" content=\"article\" \/>\n<meta property=\"og:title\" content=\"Vend\u00e9gl\u00e1t\u00f3s \u00e1ll\u00e1sok!\" \/>\n<meta property=\"og:description\" content=\"R\u00e9szletek &gt;&gt;\" \/>\n<meta property=\"og:url\" content=\"https:\/\/jolaholding.com\/hu\/allashirdetesek-vendeglatas\/\" \/>\n<meta property=\"og:site_name\" content=\"JOLA Holding\" \/>\n<meta property=\"article:modified_time\" content=\"2024-02-20T08:18:44+00:00\" \/>\n<meta property=\"og:image\" content=\"https:\/\/jolaholding.com\/wp-content\/uploads\/vedeglatos-allasok-1.jpg\" \/>\n\t<meta property=\"og:image:width\" content=\"1200\" \/>\n\t<meta property=\"og:image:height\" content=\"628\" \/>\n\t<meta property=\"og:image:type\" content=\"image\/jpeg\" \/>\n<meta name=\"twitter:card\" content=\"summary_large_image\" \/>\n<meta name=\"twitter:label1\" content=\"Becs\u00fclt olvas\u00e1si id\u0151\" \/>\n\t<meta name=\"twitter:data1\" content=\"4 perc\" \/>\n<script type=\"application\/ld+json\" class=\"yoast-schema-graph\">{\"@context\":\"https:\\\/\\\/schema.org\",\"@graph\":[{\"@type\":\"WebPage\",\"@id\":\"https:\\\/\\\/jolaholding.com\\\/hu\\\/allashirdetesek-vendeglatas\\\/\",\"url\":\"https:\\\/\\\/jolaholding.com\\\/hu\\\/allashirdetesek-vendeglatas\\\/\",\"name\":\"\u00c1ll\u00e1shirdet\u00e9sek - Vend\u00e9gl\u00e1t\u00e1s, idegenforgalom - JOLA Holding\",\"isPartOf\":{\"@id\":\"https:\\\/\\\/jolaholding.com\\\/hu\\\/#website\"},\"datePublished\":\"2021-08-30T09:01:16+00:00\",\"dateModified\":\"2024-02-20T08:18:44+00:00\",\"description\":\"S\u00e9f, szak\u00e1cs, felszolg\u00e1l\u00f3, pinc\u00e9r, konyhai kiseg\u00edt\u0151... \u00c1ll\u00e1saj\u00e1nlatok a JOLA Holding oldal\u00e1n | Vend\u00e9gl\u00e1t\u00f3s \u00e1ll\u00e1sok\",\"breadcrumb\":{\"@id\":\"https:\\\/\\\/jolaholding.com\\\/hu\\\/allashirdetesek-vendeglatas\\\/#breadcrumb\"},\"inLanguage\":\"hu\",\"potentialAction\":[{\"@type\":\"ReadAction\",\"target\":[\"https:\\\/\\\/jolaholding.com\\\/hu\\\/allashirdetesek-vendeglatas\\\/\"]}]},{\"@type\":\"BreadcrumbList\",\"@id\":\"https:\\\/\\\/jolaholding.com\\\/hu\\\/allashirdetesek-vendeglatas\\\/#breadcrumb\",\"itemListElement\":[{\"@type\":\"ListItem\",\"position\":1,\"name\":\"Kezd\u0151lap\",\"item\":\"https:\\\/\\\/jolaholding.com\\\/hu\\\/\"},{\"@type\":\"ListItem\",\"position\":2,\"name\":\"\u00c1ll\u00e1shirdet\u00e9sek &#8211; Vend\u00e9gl\u00e1t\u00e1s, idegenforgalom\"}]},{\"@type\":\"WebSite\",\"@id\":\"https:\\\/\\\/jolaholding.com\\\/hu\\\/#website\",\"url\":\"https:\\\/\\\/jolaholding.com\\\/hu\\\/\",\"name\":\"JOLA Holding\",\"description\":\"\",\"publisher\":{\"@id\":\"https:\\\/\\\/jolaholding.com\\\/hu\\\/#organization\"},\"potentialAction\":[{\"@type\":\"SearchAction\",\"target\":{\"@type\":\"EntryPoint\",\"urlTemplate\":\"https:\\\/\\\/jolaholding.com\\\/hu\\\/?s={search_term_string}\"},\"query-input\":{\"@type\":\"PropertyValueSpecification\",\"valueRequired\":true,\"valueName\":\"search_term_string\"}}],\"inLanguage\":\"hu\"},{\"@type\":\"Organization\",\"@id\":\"https:\\\/\\\/jolaholding.com\\\/hu\\\/#organization\",\"name\":\"Jola Holding\",\"url\":\"https:\\\/\\\/jolaholding.com\\\/hu\\\/\",\"logo\":{\"@type\":\"ImageObject\",\"inLanguage\":\"hu\",\"@id\":\"https:\\\/\\\/jolaholding.com\\\/hu\\\/#\\\/schema\\\/logo\\\/image\\\/\",\"url\":\"https:\\\/\\\/jolaholding.com\\\/wp-content\\\/uploads\\\/jolaholding-logo.png\",\"contentUrl\":\"https:\\\/\\\/jolaholding.com\\\/wp-content\\\/uploads\\\/jolaholding-logo.png\",\"width\":599,\"height\":223,\"caption\":\"Jola Holding\"},\"image\":{\"@id\":\"https:\\\/\\\/jolaholding.com\\\/hu\\\/#\\\/schema\\\/logo\\\/image\\\/\"}}]}<\/script>\n<!-- \/ Yoast SEO plugin. -->","yoast_head_json":{"title":"\u00c1ll\u00e1shirdet\u00e9sek - Vend\u00e9gl\u00e1t\u00e1s, idegenforgalom - JOLA Holding","description":"S\u00e9f, szak\u00e1cs, felszolg\u00e1l\u00f3, pinc\u00e9r, konyhai kiseg\u00edt\u0151... \u00c1ll\u00e1saj\u00e1nlatok a JOLA Holding oldal\u00e1n | Vend\u00e9gl\u00e1t\u00f3s \u00e1ll\u00e1sok","robots":{"index":"index","follow":"follow","max-snippet":"max-snippet:-1","max-image-preview":"max-image-preview:large","max-video-preview":"max-video-preview:-1"},"canonical":"https:\/\/jolaholding.com\/hu\/allashirdetesek-vendeglatas\/","og_locale":"hu_HU","og_type":"article","og_title":"Vend\u00e9gl\u00e1t\u00f3s \u00e1ll\u00e1sok!","og_description":"R\u00e9szletek >>","og_url":"https:\/\/jolaholding.com\/hu\/allashirdetesek-vendeglatas\/","og_site_name":"JOLA Holding","article_modified_time":"2024-02-20T08:18:44+00:00","og_image":[{"width":1200,"height":628,"url":"https:\/\/jolaholding.com\/wp-content\/uploads\/vedeglatos-allasok-1.jpg","type":"image\/jpeg"}],"twitter_card":"summary_large_image","twitter_misc":{"Becs\u00fclt olvas\u00e1si id\u0151":"4 perc"},"schema":{"@context":"https:\/\/schema.org","@graph":[{"@type":"WebPage","@id":"https:\/\/jolaholding.com\/hu\/allashirdetesek-vendeglatas\/","url":"https:\/\/jolaholding.com\/hu\/allashirdetesek-vendeglatas\/","name":"\u00c1ll\u00e1shirdet\u00e9sek - Vend\u00e9gl\u00e1t\u00e1s, idegenforgalom - JOLA Holding","isPartOf":{"@id":"https:\/\/jolaholding.com\/hu\/#website"},"datePublished":"2021-08-30T09:01:16+00:00","dateModified":"2024-02-20T08:18:44+00:00","description":"S\u00e9f, szak\u00e1cs, felszolg\u00e1l\u00f3, pinc\u00e9r, konyhai kiseg\u00edt\u0151... \u00c1ll\u00e1saj\u00e1nlatok a JOLA Holding oldal\u00e1n | Vend\u00e9gl\u00e1t\u00f3s \u00e1ll\u00e1sok","breadcrumb":{"@id":"https:\/\/jolaholding.com\/hu\/allashirdetesek-vendeglatas\/#breadcrumb"},"inLanguage":"hu","potentialAction":[{"@type":"ReadAction","target":["https:\/\/jolaholding.com\/hu\/allashirdetesek-vendeglatas\/"]}]},{"@type":"BreadcrumbList","@id":"https:\/\/jolaholding.com\/hu\/allashirdetesek-vendeglatas\/#breadcrumb","itemListElement":[{"@type":"ListItem","position":1,"name":"Kezd\u0151lap","item":"https:\/\/jolaholding.com\/hu\/"},{"@type":"ListItem","position":2,"name":"\u00c1ll\u00e1shirdet\u00e9sek &#8211; Vend\u00e9gl\u00e1t\u00e1s, idegenforgalom"}]},{"@type":"WebSite","@id":"https:\/\/jolaholding.com\/hu\/#website","url":"https:\/\/jolaholding.com\/hu\/","name":"JOLA Holding","description":"","publisher":{"@id":"https:\/\/jolaholding.com\/hu\/#organization"},"potentialAction":[{"@type":"SearchAction","target":{"@type":"EntryPoint","urlTemplate":"https:\/\/jolaholding.com\/hu\/?s={search_term_string}"},"query-input":{"@type":"PropertyValueSpecification","valueRequired":true,"valueName":"search_term_string"}}],"inLanguage":"hu"},{"@type":"Organization","@id":"https:\/\/jolaholding.com\/hu\/#organization","name":"Jola Holding","url":"https:\/\/jolaholding.com\/hu\/","logo":{"@type":"ImageObject","inLanguage":"hu","@id":"https:\/\/jolaholding.com\/hu\/#\/schema\/logo\/image\/","url":"https:\/\/jolaholding.com\/wp-content\/uploads\/jolaholding-logo.png","contentUrl":"https:\/\/jolaholding.com\/wp-content\/uploads\/jolaholding-logo.png","width":599,"height":223,"caption":"Jola Holding"},"image":{"@id":"https:\/\/jolaholding.com\/hu\/#\/schema\/logo\/image\/"}}]}},"_links":{"self":[{"href":"https:\/\/jolaholding.com\/hu\/wp-json\/wp\/v2\/pages\/79150","targetHints":{"allow":["GET"]}}],"collection":[{"href":"https:\/\/jolaholding.com\/hu\/wp-json\/wp\/v2\/pages"}],"about":[{"href":"https:\/\/jolaholding.com\/hu\/wp-json\/wp\/v2\/types\/page"}],"author":[{"embeddable":true,"href":"https:\/\/jolaholding.com\/hu\/wp-json\/wp\/v2\/users\/3"}],"replies":[{"embeddable":true,"href":"https:\/\/jolaholding.com\/hu\/wp-json\/wp\/v2\/comments?post=79150"}],"version-history":[{"count":16,"href":"https:\/\/jolaholding.com\/hu\/wp-json\/wp\/v2\/pages\/79150\/revisions"}],"predecessor-version":[{"id":88388,"href":"https:\/\/jolaholding.com\/hu\/wp-json\/wp\/v2\/pages\/79150\/revisions\/88388"}],"wp:attachment":[{"href":"https:\/\/jolaholding.com\/hu\/wp-json\/wp\/v2\/media?parent=79150"}],"curies":[{"name":"wp","href":"https:\/\/api.w.org\/{rel}","templated":true}]}}