{"id":81433,"date":"2023-03-10T18:11:45","date_gmt":"2023-03-10T17:11:45","guid":{"rendered":"https:\/\/jolaholding.com\/?page_id=81433"},"modified":"2023-03-10T18:53:17","modified_gmt":"2023-03-10T17:53:17","slug":"gergo-veszprem-szakuzletunk","status":"publish","type":"page","link":"https:\/\/jolaholding.com\/hu\/pontjaink\/gergo-veszprem-szakuzletunk\/","title":{"rendered":"Veszpr\u00e9mi szak\u00fczlet\u00fcnk bemutatkoz\u00e1sa &#8211; Gerg\u0151"},"content":{"rendered":"<p>[et_pb_section fb_built=&#8221;1&#8243; next_background_color=&#8221;#D6D6D6&#8243; admin_label=&#8221;Header&#8221; _builder_version=&#8221;4.9.0&#8243; use_background_color_gradient=&#8221;on&#8221; background_color_gradient_start=&#8221;#283d4b&#8221; background_color_gradient_end=&#8221;rgba(128,103,79,0.5)&#8221; background_color_gradient_direction=&#8221;70deg&#8221; background_color_gradient_overlays_image=&#8221;on&#8221; background_image=&#8221;https:\/\/jolaholding.com\/wp-content\/uploads\/jolaholding-head-2.jpg&#8221; custom_margin=&#8221;|||&#8221; custom_padding=&#8221;6vw|||&#8221; bottom_divider_style=&#8221;mountains2&#8243; bottom_divider_height=&#8221;20vw&#8221; bottom_divider_repeat=&#8221;0.5x&#8221; bottom_divider_flip=&#8221;horizontal|vertical&#8221; saved_tabs=&#8221;all&#8221;][et_pb_row _builder_version=&#8221;3.26.6&#8243; background_image=&#8221;https:\/\/jolaholding.com\/wp-content\/uploads\/JH-water70.png&#8221; background_size=&#8221;contain&#8221; background_position=&#8221;top_right&#8221; background_blend=&#8221;soft-light&#8221; custom_margin=&#8221;|||&#8221; custom_padding=&#8221;27px|0px|0|0px|false|false&#8221;][et_pb_column type=&#8221;4_4&#8243; _builder_version=&#8221;3.25&#8243; custom_padding=&#8221;|||&#8221; custom_padding__hover=&#8221;|||&#8221;][et_pb_text _builder_version=&#8221;3.27.4&#8243; text_font=&#8221;||||||||&#8221; header_font=&#8221;Josefin Sans|700|||||||&#8221; header_font_size=&#8221;90px&#8221; header_letter_spacing=&#8221;4px&#8221; header_line_height=&#8221;1.4em&#8221; header_2_font=&#8221;Josefin Sans||||||||&#8221; header_2_text_color=&#8221;rgba(255,255,255,0.6)&#8221; header_2_font_size=&#8221;32px&#8221; header_2_line_height=&#8221;1.4em&#8221; background_layout=&#8221;dark&#8221; animation_style=&#8221;slide&#8221; animation_direction=&#8221;right&#8221; animation_intensity_slide=&#8221;4%&#8221; header_font_size_tablet=&#8221;50px&#8221; header_font_size_phone=&#8221;32px&#8221; header_font_size_last_edited=&#8221;on|desktop&#8221; header_2_font_size_tablet=&#8221;&#8221; header_2_font_size_phone=&#8221;24px&#8221; header_2_font_size_last_edited=&#8221;on|phone&#8221; header_text_shadow_style=&#8221;preset2&#8243;]<\/p>\n<h1>JOLA csoport<\/h1>\n<p>&nbsp;<\/p>\n<h2>Hotel &#8211; \u00c9tterem &#8211; Kereskedelem &#8211; \u00c9p\u00edt\u0151ipar<\/h2>\n<p>[\/et_pb_text][\/et_pb_column][\/et_pb_row][et_pb_row column_structure=&#8221;1_2,1_2&#8243; _builder_version=&#8221;3.26.6&#8243; custom_margin=&#8221;10px||||false|false&#8221; custom_padding=&#8221;0|0px|27px|0px|false|false&#8221; locked=&#8221;off&#8221;][et_pb_column type=&#8221;1_2&#8243; _builder_version=&#8221;3.25&#8243; custom_padding=&#8221;|||&#8221; custom_padding__hover=&#8221;|||&#8221;][et_pb_text _builder_version=&#8221;4.9.0&#8243; _module_preset=&#8221;default&#8221; header_font=&#8221;|800|||||||&#8221; header_3_font=&#8221;|800|on|on|||||&#8221; background_layout=&#8221;dark&#8221;]<\/p>\n<h3>JOLA Veszpr\u00e9m<\/h3>\n<p>[\/et_pb_text][\/et_pb_column][et_pb_column type=&#8221;1_2&#8243; _builder_version=&#8221;3.25&#8243; custom_padding=&#8221;|||&#8221; custom_padding__hover=&#8221;|||&#8221;][et_pb_button button_url=&#8221;tel:+36204004995&#8243; button_text=&#8221;H\u00edvjon minket bizalommal: +36 20 400 49 95&#8243; _builder_version=&#8221;4.9.0&#8243; _module_preset=&#8221;default&#8221;][\/et_pb_button][\/et_pb_column][\/et_pb_row][et_pb_row use_custom_gutter=&#8221;on&#8221; gutter_width=&#8221;1&#8243; disabled_on=&#8221;on|off|off&#8221; module_class=&#8221; et_pb_row_fullwidth&#8221; _builder_version=&#8221;3.25&#8243; width=&#8221;100%&#8221; width_tablet=&#8221;100%&#8221; width_phone=&#8221;&#8221; width_last_edited=&#8221;on|desktop&#8221; max_width=&#8221;100%&#8221; max_width_tablet=&#8221;100%&#8221; max_width_phone=&#8221;&#8221; max_width_last_edited=&#8221;on|desktop&#8221; make_fullwidth=&#8221;on&#8221; locked=&#8221;off&#8221;][et_pb_column type=&#8221;4_4&#8243; _builder_version=&#8221;3.25&#8243; custom_padding=&#8221;|||&#8221; custom_padding__hover=&#8221;|||&#8221;][et_pb_text _builder_version=&#8221;3.27.4&#8243; text_font=&#8221;Josefin Sans|700||on|||||&#8221; text_text_color=&#8221;rgba(255,255,255,0.2)&#8221; text_font_size=&#8221;12vw&#8221; text_line_height=&#8221;1em&#8221; quote_font=&#8221;||||||||&#8221; header_font=&#8221;||||||||&#8221; custom_margin=&#8221;||-0.4em|&#8221; custom_padding=&#8221;|||&#8221; filter_blur=&#8221;7px&#8221; animation_style=&#8221;slide&#8221; animation_direction=&#8221;right&#8221; animation_duration=&#8221;10000ms&#8221; animation_intensity_slide=&#8221;10%&#8221; animation_starting_opacity=&#8221;40%&#8221; animation_speed_curve=&#8221;linear&#8221; text_font_size_tablet=&#8221;124px&#8221; text_font_size_phone=&#8221;90px&#8221; text_font_size_last_edited=&#8221;off|desktop&#8221;]<\/p>\n<p>JOLA CSOPORT<\/p>\n<p>[\/et_pb_text][\/et_pb_column][\/et_pb_row][\/et_pb_section][et_pb_section fb_built=&#8221;1&#8243; _builder_version=&#8221;4.9.0&#8243; _module_preset=&#8221;default&#8221; background_color=&#8221;#D6D6D6&#8243;][et_pb_row _builder_version=&#8221;4.9.0&#8243; _module_preset=&#8221;default&#8221;][et_pb_column type=&#8221;4_4&#8243; _builder_version=&#8221;4.9.0&#8243; _module_preset=&#8221;default&#8221;][et_pb_text admin_label=&#8221;Sz\u00f6veg&#8221; _builder_version=&#8221;4.9.0&#8243; _module_preset=&#8221;default&#8221; background_color=&#8221;RGBA(0,0,0,0)&#8221;]<\/p>\n<h1>Veszpr\u00e9mi szak\u00fczlet\u00fcnk<\/h1>\n<p>[\/et_pb_text][\/et_pb_column][\/et_pb_row][et_pb_row column_structure=&#8221;1_2,1_2&#8243; _builder_version=&#8221;4.9.0&#8243; _module_preset=&#8221;default&#8221; background_enable_color=&#8221;off&#8221;][et_pb_column type=&#8221;1_2&#8243; _builder_version=&#8221;4.9.0&#8243; _module_preset=&#8221;default&#8221;][et_pb_text _builder_version=&#8221;4.9.0&#8243; _module_preset=&#8221;default&#8221;]<\/p>\n<p>Veszpr\u00e9mi \u00fczlet\u00fcnk a Jutasi \u00fat 18\/1 Spar Centerben min\u0151s\u00e9gi k\u00edn\u00e1lattal, rendk\u00edv\u00fcl sz\u00e9les term\u00e9kk\u00f6rrel \u00e9s garant\u00e1ltan kedvez\u0151 \u00e1rakkal v\u00e1rja az \u00e9p\u00edtkez\u0151ket, fel\u00faj\u00edt\u00f3kat, kivitelez\u0151ket. Term\u00e9keink mell\u00e9 szak\u00e9rt\u0151 koll\u00e9g\u00e1ink r\u00e9v\u00e9n min\u0151s\u00e9gi szolg\u00e1ltat\u00e1sok is t\u00e1rsulnak.<\/p>\n<p>[\/et_pb_text][\/et_pb_column][et_pb_column type=&#8221;1_2&#8243; _builder_version=&#8221;4.9.0&#8243; _module_preset=&#8221;default&#8221;][et_pb_button button_url=&#8221;https:\/\/jolaholding.com\/wp-content\/uploads\/herse-set-bejarati-ajto.pdf&#8221; url_new_window=&#8221;on&#8221; button_text=&#8221;Term\u00e9kbemutat\u00f3 let\u00f6lt\u00e9se&#8221; _builder_version=&#8221;4.9.0&#8243; _module_preset=&#8221;default&#8221;][\/et_pb_button][\/et_pb_column][\/et_pb_row][\/et_pb_section][et_pb_section fb_built=&#8221;1&#8243; admin_label=&#8221;Content&#8221; _builder_version=&#8221;4.9.0&#8243; background_color=&#8221;#FFFFFF&#8221;][et_pb_row _builder_version=&#8221;4.9.0&#8243; _module_preset=&#8221;default&#8221;][et_pb_column type=&#8221;4_4&#8243; _builder_version=&#8221;4.9.0&#8243; _module_preset=&#8221;default&#8221;][et_pb_text _builder_version=&#8221;4.9.0&#8243; _module_preset=&#8221;default&#8221; link_option_url=&#8221;https:\/\/jola.hu&#8221; link_option_url_new_window=&#8221;on&#8221;]<\/p>\n<p>Ajt\u00f3 &#8211; Ablak &#8211; Parketta &#8211; Gar\u00e1zskapu &#8211; H\u0151szigetel\u00e9s<\/p>\n<p>[\/et_pb_text][et_pb_text _builder_version=&#8221;4.9.0&#8243; _module_preset=&#8221;default&#8221;]<\/p>\n<h2>\u00dczlet\u00fcnk k\u00e9peken<\/h2>\n<p>[\/et_pb_text][\/et_pb_column][\/et_pb_row][et_pb_row _builder_version=&#8221;4.9.0&#8243; _module_preset=&#8221;default&#8221;][et_pb_column type=&#8221;4_4&#8243; _builder_version=&#8221;4.9.0&#8243; _module_preset=&#8221;default&#8221;][et_pb_gallery gallery_ids=&#8221;81435,81436,81437,81438,81439,81440,81441,81442,81443,81444,81445,81446,81447,81448,81449,81450,81451,81452,81453,81454,81455,81456,81457,81458,81459&#8243; _builder_version=&#8221;4.9.0&#8243; _module_preset=&#8221;default&#8221;][\/et_pb_gallery][\/et_pb_column][\/et_pb_row][et_pb_row _builder_version=&#8221;4.9.0&#8243; _module_preset=&#8221;default&#8221;][et_pb_column type=&#8221;4_4&#8243; _builder_version=&#8221;4.9.0&#8243; _module_preset=&#8221;default&#8221;][et_pb_cta title=&#8221;L\u00e1togassa meg szak\u00fczlet\u00fcnket!&#8221; button_url=&#8221;https:\/\/jola.hu\/szakuzleteink\/veszprem\/&#8221; button_text=&#8221;\u00dczlet\u00fcnk el\u00e9rhet\u0151s\u00e9gei&#8221; _builder_version=&#8221;4.9.0&#8243; _module_preset=&#8221;default&#8221; background_color=&#8221;#DF52FF&#8221;]<\/p>\n<p>K\u00e9rjen szem\u00e9lyre szabott \u00e1raj\u00e1nlatot szak\u00fczlet\u00fcnkt\u0151l<\/p>\n<p>[\/et_pb_cta][\/et_pb_column][\/et_pb_row][\/et_pb_section]<\/p>\n","protected":false},"excerpt":{"rendered":"<p>A JOLA Veszpr\u00e9mben tal\u00e1lhat\u00f3 \u00fczlet\u00e9ben megtal\u00e1lhat\u00f3 a legteljesebb k\u00edn\u00e1lat az ajt\u00f3t\u00f3l, az ablakon, gar\u00e1zskapun valamint parkett\u00e1n kereszt\u00fcl a h\u0151szigetel\u00e9sig<\/p>\n","protected":false},"author":12,"featured_media":0,"parent":99,"menu_order":0,"comment_status":"closed","ping_status":"closed","template":"","meta":{"_et_pb_use_builder":"on","_et_pb_old_content":"","_et_gb_content_width":"","footnotes":""},"class_list":["post-81433","page","type-page","status-publish","hentry"],"yoast_head":"<!-- This site is optimized with the Yoast SEO plugin v27.2 - https:\/\/yoast.com\/product\/yoast-seo-wordpress\/ -->\n<title>Jola veszpr\u00e9m bemutat\u00e1sa<\/title>\n<meta name=\"description\" content=\"A JOLA Veszpr\u00e9mben tal\u00e1lhat\u00f3 \u00fczlet\u00e9ben megtal\u00e1lhat\u00f3 a legteljesebb k\u00edn\u00e1lat az ajt\u00f3t\u00f3l, az ablakon, gar\u00e1zskapun valamint parkett\u00e1n kereszt\u00fcl a h\u0151szigetel\u00e9sig\" \/>\n<meta name=\"robots\" content=\"index, follow, max-snippet:-1, max-image-preview:large, max-video-preview:-1\" \/>\n<link rel=\"canonical\" href=\"https:\/\/jolaholding.com\/hu\/pontjaink\/gergo-veszprem-szakuzletunk\/\" \/>\n<meta property=\"og:locale\" content=\"hu_HU\" \/>\n<meta property=\"og:type\" content=\"article\" \/>\n<meta property=\"og:title\" content=\"Veszpr\u00e9mi szak\u00fczlet\u00fcnk\" \/>\n<meta property=\"og:description\" content=\"Online \u00e1raj\u00e1nlat 48 \u00f3r\u00e1n bel\u00fcl!\" \/>\n<meta property=\"og:url\" content=\"https:\/\/jolaholding.com\/hu\/pontjaink\/gergo-veszprem-szakuzletunk\/\" \/>\n<meta property=\"og:site_name\" content=\"JOLA Holding\" \/>\n<meta property=\"article:modified_time\" content=\"2023-03-10T17:53:17+00:00\" \/>\n<meta property=\"og:image\" content=\"https:\/\/jolaholding.com\/wp-content\/uploads\/jola-online-arajanlat.jpg\" \/>\n\t<meta property=\"og:image:width\" content=\"1200\" \/>\n\t<meta property=\"og:image:height\" content=\"628\" \/>\n\t<meta property=\"og:image:type\" content=\"image\/jpeg\" \/>\n<meta name=\"twitter:card\" content=\"summary_large_image\" \/>\n<meta name=\"twitter:label1\" content=\"Becs\u00fclt olvas\u00e1si id\u0151\" \/>\n\t<meta name=\"twitter:data1\" content=\"2 perc\" \/>\n<script type=\"application\/ld+json\" class=\"yoast-schema-graph\">{\"@context\":\"https:\/\/schema.org\",\"@graph\":[{\"@type\":\"WebPage\",\"@id\":\"https:\/\/jolaholding.com\/hu\/pontjaink\/gergo-veszprem-szakuzletunk\/\",\"url\":\"https:\/\/jolaholding.com\/hu\/pontjaink\/gergo-veszprem-szakuzletunk\/\",\"name\":\"Jola veszpr\u00e9m bemutat\u00e1sa\",\"isPartOf\":{\"@id\":\"https:\/\/jolaholding.com\/hu\/#website\"},\"datePublished\":\"2023-03-10T17:11:45+00:00\",\"dateModified\":\"2023-03-10T17:53:17+00:00\",\"description\":\"A JOLA Veszpr\u00e9mben tal\u00e1lhat\u00f3 \u00fczlet\u00e9ben megtal\u00e1lhat\u00f3 a legteljesebb k\u00edn\u00e1lat az ajt\u00f3t\u00f3l, az ablakon, gar\u00e1zskapun valamint parkett\u00e1n kereszt\u00fcl a h\u0151szigetel\u00e9sig\",\"breadcrumb\":{\"@id\":\"https:\/\/jolaholding.com\/hu\/pontjaink\/gergo-veszprem-szakuzletunk\/#breadcrumb\"},\"inLanguage\":\"hu\",\"potentialAction\":[{\"@type\":\"ReadAction\",\"target\":[\"https:\/\/jolaholding.com\/hu\/pontjaink\/gergo-veszprem-szakuzletunk\/\"]}]},{\"@type\":\"BreadcrumbList\",\"@id\":\"https:\/\/jolaholding.com\/hu\/pontjaink\/gergo-veszprem-szakuzletunk\/#breadcrumb\",\"itemListElement\":[{\"@type\":\"ListItem\",\"position\":1,\"name\":\"Kezd\u0151lap\",\"item\":\"https:\/\/jolaholding.com\/hu\/\"},{\"@type\":\"ListItem\",\"position\":2,\"name\":\"Pontjaink\",\"item\":\"https:\/\/jolaholding.com\/hu\/pontjaink\/\"},{\"@type\":\"ListItem\",\"position\":3,\"name\":\"Veszpr\u00e9mi szak\u00fczlet\u00fcnk bemutatkoz\u00e1sa &#8211; Gerg\u0151\"}]},{\"@type\":\"WebSite\",\"@id\":\"https:\/\/jolaholding.com\/hu\/#website\",\"url\":\"https:\/\/jolaholding.com\/hu\/\",\"name\":\"JOLA Holding\",\"description\":\"\",\"publisher\":{\"@id\":\"https:\/\/jolaholding.com\/hu\/#organization\"},\"potentialAction\":[{\"@type\":\"SearchAction\",\"target\":{\"@type\":\"EntryPoint\",\"urlTemplate\":\"https:\/\/jolaholding.com\/hu\/?s={search_term_string}\"},\"query-input\":{\"@type\":\"PropertyValueSpecification\",\"valueRequired\":true,\"valueName\":\"search_term_string\"}}],\"inLanguage\":\"hu\"},{\"@type\":\"Organization\",\"@id\":\"https:\/\/jolaholding.com\/hu\/#organization\",\"name\":\"Jola Holding\",\"url\":\"https:\/\/jolaholding.com\/hu\/\",\"logo\":{\"@type\":\"ImageObject\",\"inLanguage\":\"hu\",\"@id\":\"https:\/\/jolaholding.com\/hu\/#\/schema\/logo\/image\/\",\"url\":\"https:\/\/jolaholding.com\/wp-content\/uploads\/jolaholding-logo.png\",\"contentUrl\":\"https:\/\/jolaholding.com\/wp-content\/uploads\/jolaholding-logo.png\",\"width\":599,\"height\":223,\"caption\":\"Jola Holding\"},\"image\":{\"@id\":\"https:\/\/jolaholding.com\/hu\/#\/schema\/logo\/image\/\"}}]}<\/script>\n<!-- \/ Yoast SEO plugin. -->","yoast_head_json":{"title":"Jola veszpr\u00e9m bemutat\u00e1sa","description":"A JOLA Veszpr\u00e9mben tal\u00e1lhat\u00f3 \u00fczlet\u00e9ben megtal\u00e1lhat\u00f3 a legteljesebb k\u00edn\u00e1lat az ajt\u00f3t\u00f3l, az ablakon, gar\u00e1zskapun valamint parkett\u00e1n kereszt\u00fcl a h\u0151szigetel\u00e9sig","robots":{"index":"index","follow":"follow","max-snippet":"max-snippet:-1","max-image-preview":"max-image-preview:large","max-video-preview":"max-video-preview:-1"},"canonical":"https:\/\/jolaholding.com\/hu\/pontjaink\/gergo-veszprem-szakuzletunk\/","og_locale":"hu_HU","og_type":"article","og_title":"Veszpr\u00e9mi szak\u00fczlet\u00fcnk","og_description":"Online \u00e1raj\u00e1nlat 48 \u00f3r\u00e1n bel\u00fcl!","og_url":"https:\/\/jolaholding.com\/hu\/pontjaink\/gergo-veszprem-szakuzletunk\/","og_site_name":"JOLA Holding","article_modified_time":"2023-03-10T17:53:17+00:00","og_image":[{"width":1200,"height":628,"url":"https:\/\/jolaholding.com\/wp-content\/uploads\/jola-online-arajanlat.jpg","type":"image\/jpeg"}],"twitter_card":"summary_large_image","twitter_misc":{"Becs\u00fclt olvas\u00e1si id\u0151":"2 perc"},"schema":{"@context":"https:\/\/schema.org","@graph":[{"@type":"WebPage","@id":"https:\/\/jolaholding.com\/hu\/pontjaink\/gergo-veszprem-szakuzletunk\/","url":"https:\/\/jolaholding.com\/hu\/pontjaink\/gergo-veszprem-szakuzletunk\/","name":"Jola veszpr\u00e9m bemutat\u00e1sa","isPartOf":{"@id":"https:\/\/jolaholding.com\/hu\/#website"},"datePublished":"2023-03-10T17:11:45+00:00","dateModified":"2023-03-10T17:53:17+00:00","description":"A JOLA Veszpr\u00e9mben tal\u00e1lhat\u00f3 \u00fczlet\u00e9ben megtal\u00e1lhat\u00f3 a legteljesebb k\u00edn\u00e1lat az ajt\u00f3t\u00f3l, az ablakon, gar\u00e1zskapun valamint parkett\u00e1n kereszt\u00fcl a h\u0151szigetel\u00e9sig","breadcrumb":{"@id":"https:\/\/jolaholding.com\/hu\/pontjaink\/gergo-veszprem-szakuzletunk\/#breadcrumb"},"inLanguage":"hu","potentialAction":[{"@type":"ReadAction","target":["https:\/\/jolaholding.com\/hu\/pontjaink\/gergo-veszprem-szakuzletunk\/"]}]},{"@type":"BreadcrumbList","@id":"https:\/\/jolaholding.com\/hu\/pontjaink\/gergo-veszprem-szakuzletunk\/#breadcrumb","itemListElement":[{"@type":"ListItem","position":1,"name":"Kezd\u0151lap","item":"https:\/\/jolaholding.com\/hu\/"},{"@type":"ListItem","position":2,"name":"Pontjaink","item":"https:\/\/jolaholding.com\/hu\/pontjaink\/"},{"@type":"ListItem","position":3,"name":"Veszpr\u00e9mi szak\u00fczlet\u00fcnk bemutatkoz\u00e1sa &#8211; Gerg\u0151"}]},{"@type":"WebSite","@id":"https:\/\/jolaholding.com\/hu\/#website","url":"https:\/\/jolaholding.com\/hu\/","name":"JOLA Holding","description":"","publisher":{"@id":"https:\/\/jolaholding.com\/hu\/#organization"},"potentialAction":[{"@type":"SearchAction","target":{"@type":"EntryPoint","urlTemplate":"https:\/\/jolaholding.com\/hu\/?s={search_term_string}"},"query-input":{"@type":"PropertyValueSpecification","valueRequired":true,"valueName":"search_term_string"}}],"inLanguage":"hu"},{"@type":"Organization","@id":"https:\/\/jolaholding.com\/hu\/#organization","name":"Jola Holding","url":"https:\/\/jolaholding.com\/hu\/","logo":{"@type":"ImageObject","inLanguage":"hu","@id":"https:\/\/jolaholding.com\/hu\/#\/schema\/logo\/image\/","url":"https:\/\/jolaholding.com\/wp-content\/uploads\/jolaholding-logo.png","contentUrl":"https:\/\/jolaholding.com\/wp-content\/uploads\/jolaholding-logo.png","width":599,"height":223,"caption":"Jola Holding"},"image":{"@id":"https:\/\/jolaholding.com\/hu\/#\/schema\/logo\/image\/"}}]}},"_links":{"self":[{"href":"https:\/\/jolaholding.com\/hu\/wp-json\/wp\/v2\/pages\/81433","targetHints":{"allow":["GET"]}}],"collection":[{"href":"https:\/\/jolaholding.com\/hu\/wp-json\/wp\/v2\/pages"}],"about":[{"href":"https:\/\/jolaholding.com\/hu\/wp-json\/wp\/v2\/types\/page"}],"author":[{"embeddable":true,"href":"https:\/\/jolaholding.com\/hu\/wp-json\/wp\/v2\/users\/12"}],"replies":[{"embeddable":true,"href":"https:\/\/jolaholding.com\/hu\/wp-json\/wp\/v2\/comments?post=81433"}],"version-history":[{"count":11,"href":"https:\/\/jolaholding.com\/hu\/wp-json\/wp\/v2\/pages\/81433\/revisions"}],"predecessor-version":[{"id":81477,"href":"https:\/\/jolaholding.com\/hu\/wp-json\/wp\/v2\/pages\/81433\/revisions\/81477"}],"up":[{"embeddable":true,"href":"https:\/\/jolaholding.com\/hu\/wp-json\/wp\/v2\/pages\/99"}],"wp:attachment":[{"href":"https:\/\/jolaholding.com\/hu\/wp-json\/wp\/v2\/media?parent=81433"}],"curies":[{"name":"wp","href":"https:\/\/api.w.org\/{rel}","templated":true}]}}