{"id":83662,"date":"2023-11-29T20:43:17","date_gmt":"2023-11-29T19:43:17","guid":{"rendered":"https:\/\/jolaholding.com\/?page_id=83662"},"modified":"2023-11-29T21:12:38","modified_gmt":"2023-11-29T20:12:38","slug":"poll","status":"publish","type":"page","link":"https:\/\/jolaholding.com\/hu\/poll\/","title":{"rendered":"Poll"},"content":{"rendered":"<p>[poll id=&#8221;3&#8243;]<\/p>\n<p><a href=\"https:\/\/jolaholding.com\/wp-login.php?itsec-hb-token=kezelo&#038;loginSocial=facebook\" data-plugin=\"nsl\" data-action=\"connect\" data-redirect=\"current\" data-provider=\"facebook\" data-popupwidth=\"600\" data-popupheight=\"679\"><br \/>\n\tKattints ide a bel\u00e9p\u00e9shez vagy a regisztr\u00e1ci\u00f3hoz<br \/>\n<\/a><\/p>\n","protected":false},"excerpt":{"rendered":"<p>[poll id=&#8221;3&#8243;] Kattints ide a bel\u00e9p\u00e9shez vagy a regisztr\u00e1ci\u00f3hoz<\/p>\n","protected":false},"author":2,"featured_media":0,"parent":0,"menu_order":0,"comment_status":"closed","ping_status":"closed","template":"","meta":{"_et_pb_use_builder":"","_et_pb_old_content":"","_et_gb_content_width":"","footnotes":""},"class_list":["post-83662","page","type-page","status-publish","hentry"],"yoast_head":"<!-- This site is optimized with the Yoast SEO plugin v27.5 - https:\/\/yoast.com\/product\/yoast-seo-wordpress\/ -->\n<title>Poll - JOLA Holding<\/title>\n<meta name=\"robots\" content=\"index, follow, max-snippet:-1, max-image-preview:large, max-video-preview:-1\" \/>\n<link rel=\"canonical\" href=\"https:\/\/jolaholding.com\/hu\/poll\/\" \/>\n<meta property=\"og:locale\" content=\"hu_HU\" \/>\n<meta property=\"og:type\" content=\"article\" \/>\n<meta property=\"og:title\" content=\"Poll - JOLA Holding\" \/>\n<meta property=\"og:description\" content=\"[poll id=&#8221;3&#8243;] Kattints ide a bel\u00e9p\u00e9shez vagy a regisztr\u00e1ci\u00f3hoz\" \/>\n<meta property=\"og:url\" content=\"https:\/\/jolaholding.com\/hu\/poll\/\" \/>\n<meta property=\"og:site_name\" content=\"JOLA Holding\" \/>\n<meta property=\"article:modified_time\" content=\"2023-11-29T20:12:38+00:00\" \/>\n<meta property=\"og:image\" content=\"https:\/\/jolaholding.com\/wp-content\/uploads\/holding-share.jpg\" \/>\n\t<meta property=\"og:image:width\" content=\"1200\" \/>\n\t<meta property=\"og:image:height\" content=\"628\" \/>\n\t<meta property=\"og:image:type\" content=\"image\/jpeg\" \/>\n<meta name=\"twitter:card\" content=\"summary_large_image\" \/>\n<meta name=\"twitter:label1\" content=\"Becs\u00fclt olvas\u00e1si id\u0151\" \/>\n\t<meta name=\"twitter:data1\" content=\"1 perc\" \/>\n<script type=\"application\/ld+json\" class=\"yoast-schema-graph\">{\"@context\":\"https:\\\/\\\/schema.org\",\"@graph\":[{\"@type\":\"WebPage\",\"@id\":\"https:\\\/\\\/jolaholding.com\\\/hu\\\/poll\\\/\",\"url\":\"https:\\\/\\\/jolaholding.com\\\/hu\\\/poll\\\/\",\"name\":\"Poll - JOLA Holding\",\"isPartOf\":{\"@id\":\"https:\\\/\\\/jolaholding.com\\\/hu\\\/#website\"},\"datePublished\":\"2023-11-29T19:43:17+00:00\",\"dateModified\":\"2023-11-29T20:12:38+00:00\",\"breadcrumb\":{\"@id\":\"https:\\\/\\\/jolaholding.com\\\/hu\\\/poll\\\/#breadcrumb\"},\"inLanguage\":\"hu\",\"potentialAction\":[{\"@type\":\"ReadAction\",\"target\":[\"https:\\\/\\\/jolaholding.com\\\/hu\\\/poll\\\/\"]}]},{\"@type\":\"BreadcrumbList\",\"@id\":\"https:\\\/\\\/jolaholding.com\\\/hu\\\/poll\\\/#breadcrumb\",\"itemListElement\":[{\"@type\":\"ListItem\",\"position\":1,\"name\":\"Kezd\u0151lap\",\"item\":\"https:\\\/\\\/jolaholding.com\\\/hu\\\/\"},{\"@type\":\"ListItem\",\"position\":2,\"name\":\"Poll\"}]},{\"@type\":\"WebSite\",\"@id\":\"https:\\\/\\\/jolaholding.com\\\/hu\\\/#website\",\"url\":\"https:\\\/\\\/jolaholding.com\\\/hu\\\/\",\"name\":\"JOLA Holding\",\"description\":\"\",\"publisher\":{\"@id\":\"https:\\\/\\\/jolaholding.com\\\/hu\\\/#organization\"},\"potentialAction\":[{\"@type\":\"SearchAction\",\"target\":{\"@type\":\"EntryPoint\",\"urlTemplate\":\"https:\\\/\\\/jolaholding.com\\\/hu\\\/?s={search_term_string}\"},\"query-input\":{\"@type\":\"PropertyValueSpecification\",\"valueRequired\":true,\"valueName\":\"search_term_string\"}}],\"inLanguage\":\"hu\"},{\"@type\":\"Organization\",\"@id\":\"https:\\\/\\\/jolaholding.com\\\/hu\\\/#organization\",\"name\":\"Jola Holding\",\"url\":\"https:\\\/\\\/jolaholding.com\\\/hu\\\/\",\"logo\":{\"@type\":\"ImageObject\",\"inLanguage\":\"hu\",\"@id\":\"https:\\\/\\\/jolaholding.com\\\/hu\\\/#\\\/schema\\\/logo\\\/image\\\/\",\"url\":\"https:\\\/\\\/jolaholding.com\\\/wp-content\\\/uploads\\\/jolaholding-logo.png\",\"contentUrl\":\"https:\\\/\\\/jolaholding.com\\\/wp-content\\\/uploads\\\/jolaholding-logo.png\",\"width\":599,\"height\":223,\"caption\":\"Jola Holding\"},\"image\":{\"@id\":\"https:\\\/\\\/jolaholding.com\\\/hu\\\/#\\\/schema\\\/logo\\\/image\\\/\"}}]}<\/script>\n<!-- \/ Yoast SEO plugin. -->","yoast_head_json":{"title":"Poll - JOLA Holding","robots":{"index":"index","follow":"follow","max-snippet":"max-snippet:-1","max-image-preview":"max-image-preview:large","max-video-preview":"max-video-preview:-1"},"canonical":"https:\/\/jolaholding.com\/hu\/poll\/","og_locale":"hu_HU","og_type":"article","og_title":"Poll - JOLA Holding","og_description":"[poll id=&#8221;3&#8243;] Kattints ide a bel\u00e9p\u00e9shez vagy a regisztr\u00e1ci\u00f3hoz","og_url":"https:\/\/jolaholding.com\/hu\/poll\/","og_site_name":"JOLA Holding","article_modified_time":"2023-11-29T20:12:38+00:00","og_image":[{"width":1200,"height":628,"url":"https:\/\/jolaholding.com\/wp-content\/uploads\/holding-share.jpg","type":"image\/jpeg"}],"twitter_card":"summary_large_image","twitter_misc":{"Becs\u00fclt olvas\u00e1si id\u0151":"1 perc"},"schema":{"@context":"https:\/\/schema.org","@graph":[{"@type":"WebPage","@id":"https:\/\/jolaholding.com\/hu\/poll\/","url":"https:\/\/jolaholding.com\/hu\/poll\/","name":"Poll - JOLA Holding","isPartOf":{"@id":"https:\/\/jolaholding.com\/hu\/#website"},"datePublished":"2023-11-29T19:43:17+00:00","dateModified":"2023-11-29T20:12:38+00:00","breadcrumb":{"@id":"https:\/\/jolaholding.com\/hu\/poll\/#breadcrumb"},"inLanguage":"hu","potentialAction":[{"@type":"ReadAction","target":["https:\/\/jolaholding.com\/hu\/poll\/"]}]},{"@type":"BreadcrumbList","@id":"https:\/\/jolaholding.com\/hu\/poll\/#breadcrumb","itemListElement":[{"@type":"ListItem","position":1,"name":"Kezd\u0151lap","item":"https:\/\/jolaholding.com\/hu\/"},{"@type":"ListItem","position":2,"name":"Poll"}]},{"@type":"WebSite","@id":"https:\/\/jolaholding.com\/hu\/#website","url":"https:\/\/jolaholding.com\/hu\/","name":"JOLA Holding","description":"","publisher":{"@id":"https:\/\/jolaholding.com\/hu\/#organization"},"potentialAction":[{"@type":"SearchAction","target":{"@type":"EntryPoint","urlTemplate":"https:\/\/jolaholding.com\/hu\/?s={search_term_string}"},"query-input":{"@type":"PropertyValueSpecification","valueRequired":true,"valueName":"search_term_string"}}],"inLanguage":"hu"},{"@type":"Organization","@id":"https:\/\/jolaholding.com\/hu\/#organization","name":"Jola Holding","url":"https:\/\/jolaholding.com\/hu\/","logo":{"@type":"ImageObject","inLanguage":"hu","@id":"https:\/\/jolaholding.com\/hu\/#\/schema\/logo\/image\/","url":"https:\/\/jolaholding.com\/wp-content\/uploads\/jolaholding-logo.png","contentUrl":"https:\/\/jolaholding.com\/wp-content\/uploads\/jolaholding-logo.png","width":599,"height":223,"caption":"Jola Holding"},"image":{"@id":"https:\/\/jolaholding.com\/hu\/#\/schema\/logo\/image\/"}}]}},"_links":{"self":[{"href":"https:\/\/jolaholding.com\/hu\/wp-json\/wp\/v2\/pages\/83662","targetHints":{"allow":["GET"]}}],"collection":[{"href":"https:\/\/jolaholding.com\/hu\/wp-json\/wp\/v2\/pages"}],"about":[{"href":"https:\/\/jolaholding.com\/hu\/wp-json\/wp\/v2\/types\/page"}],"author":[{"embeddable":true,"href":"https:\/\/jolaholding.com\/hu\/wp-json\/wp\/v2\/users\/2"}],"replies":[{"embeddable":true,"href":"https:\/\/jolaholding.com\/hu\/wp-json\/wp\/v2\/comments?post=83662"}],"version-history":[{"count":9,"href":"https:\/\/jolaholding.com\/hu\/wp-json\/wp\/v2\/pages\/83662\/revisions"}],"predecessor-version":[{"id":83671,"href":"https:\/\/jolaholding.com\/hu\/wp-json\/wp\/v2\/pages\/83662\/revisions\/83671"}],"wp:attachment":[{"href":"https:\/\/jolaholding.com\/hu\/wp-json\/wp\/v2\/media?parent=83662"}],"curies":[{"name":"wp","href":"https:\/\/api.w.org\/{rel}","templated":true}]}}